{"id":257,"date":"2024-12-07T20:16:24","date_gmt":"2024-12-07T23:16:24","guid":{"rendered":"http:\/\/localhost\/sitenovo\/?page_id=257"},"modified":"2024-12-09T16:43:57","modified_gmt":"2024-12-09T19:43:57","slug":"contato","status":"publish","type":"page","link":"https:\/\/qbello.templodasmidiasdigitais.com\/index.php\/contato\/","title":{"rendered":"Contato"},"content":{"rendered":"\t\t<div data-elementor-type=\"wp-page\" data-elementor-id=\"257\" class=\"elementor elementor-257\" data-elementor-post-type=\"page\">\n\t\t\t\t<div class=\"elementor-element elementor-element-e4a8d4f e-flex e-con-boxed e-con e-parent\" data-id=\"e4a8d4f\" data-element_type=\"container\" data-settings=\"{&quot;background_background&quot;:&quot;classic&quot;}\">\n\t\t\t\t\t<div class=\"e-con-inner\">\n\t\t\t\t<div class=\"elementor-element elementor-element-c4a04c2 animated-slow elementor-invisible elementor-widget elementor-widget-heading\" data-id=\"c4a04c2\" data-element_type=\"widget\" data-settings=\"{&quot;_animation&quot;:&quot;fadeInRight&quot;}\" data-widget_type=\"heading.default\">\n\t\t\t\t<div class=\"elementor-widget-container\">\n\t\t\t<h2 class=\"elementor-heading-title elementor-size-default\">onde nos encontrar?<\/h2>\t\t<\/div>\n\t\t\t\t<\/div>\n\t\t\t\t<div class=\"elementor-element elementor-element-63e82e8 animated-slow elementor-invisible elementor-widget elementor-widget-heading\" data-id=\"63e82e8\" data-element_type=\"widget\" data-settings=\"{&quot;_animation&quot;:&quot;fadeInRight&quot;}\" data-widget_type=\"heading.default\">\n\t\t\t\t<div class=\"elementor-widget-container\">\n\t\t\t<h2 class=\"elementor-heading-title elementor-size-default\">marajoara<\/h2>\t\t<\/div>\n\t\t\t\t<\/div>\n\t\t\t\t\t<\/div>\n\t\t\t\t<\/div>\n\t\t<div class=\"elementor-element elementor-element-d02aaeb e-flex e-con-boxed e-con e-parent\" data-id=\"d02aaeb\" data-element_type=\"container\" data-settings=\"{&quot;background_background&quot;:&quot;classic&quot;}\">\n\t\t\t\t\t<div class=\"e-con-inner\">\n\t\t<div class=\"elementor-element elementor-element-990b0b1 e-con-full e-flex e-con e-child\" data-id=\"990b0b1\" data-element_type=\"container\">\n\t\t<div class=\"elementor-element elementor-element-0e52c68 e-con-full e-flex e-con e-child\" data-id=\"0e52c68\" data-element_type=\"container\">\n\t\t<div class=\"elementor-element elementor-element-5cbf479 e-con-full e-flex e-con e-child\" data-id=\"5cbf479\" data-element_type=\"container\">\n\t\t\t\t<div class=\"elementor-element elementor-element-176b588 elementor-view-default elementor-widget elementor-widget-icon\" data-id=\"176b588\" data-element_type=\"widget\" data-widget_type=\"icon.default\">\n\t\t\t\t<div class=\"elementor-widget-container\">\n\t\t\t\t\t<div class=\"elementor-icon-wrapper\">\n\t\t\t<div class=\"elementor-icon\">\n\t\t\t<svg aria-hidden=\"true\" class=\"e-font-icon-svg e-far-clock\" viewBox=\"0 0 512 512\" xmlns=\"http:\/\/www.w3.org\/2000\/svg\"><path d=\"M256 8C119 8 8 119 8 256s111 248 248 248 248-111 248-248S393 8 256 8zm0 448c-110.5 0-200-89.5-200-200S145.5 56 256 56s200 89.5 200 200-89.5 200-200 200zm61.8-104.4l-84.9-61.7c-3.1-2.3-4.9-5.9-4.9-9.7V116c0-6.6 5.4-12 12-12h32c6.6 0 12 5.4 12 12v141.7l66.8 48.6c5.4 3.9 6.5 11.4 2.6 16.8L334.6 349c-3.9 5.3-11.4 6.5-16.8 2.6z\"><\/path><\/svg>\t\t\t<\/div>\n\t\t<\/div>\n\t\t\t\t<\/div>\n\t\t\t\t<\/div>\n\t\t\t\t<\/div>\n\t\t<div class=\"elementor-element elementor-element-76071c7 e-con-full e-flex e-con e-child\" data-id=\"76071c7\" data-element_type=\"container\">\n\t\t\t\t<div class=\"elementor-element elementor-element-d4e8976 animated-slow elementor-invisible elementor-widget elementor-widget-heading\" data-id=\"d4e8976\" data-element_type=\"widget\" data-settings=\"{&quot;_animation&quot;:&quot;bounce&quot;}\" data-widget_type=\"heading.default\">\n\t\t\t\t<div class=\"elementor-widget-container\">\n\t\t\t<p class=\"elementor-heading-title elementor-size-default\">Atendimento<\/p>\t\t<\/div>\n\t\t\t\t<\/div>\n\t\t\t\t<div class=\"elementor-element elementor-element-6e2fd99 elementor-widget elementor-widget-heading\" data-id=\"6e2fd99\" data-element_type=\"widget\" data-widget_type=\"heading.default\">\n\t\t\t\t<div class=\"elementor-widget-container\">\n\t\t\t<h5 class=\"elementor-heading-title elementor-size-default\">Seg - Sex<br>\n11:00 - 00:00<\/h5>\t\t<\/div>\n\t\t\t\t<\/div>\n\t\t\t\t<\/div>\n\t\t\t\t<\/div>\n\t\t\t\t<\/div>\n\t\t<div class=\"elementor-element elementor-element-ca942ae e-con-full e-flex e-con e-child\" data-id=\"ca942ae\" data-element_type=\"container\">\n\t\t<div class=\"elementor-element elementor-element-1b0c1b7 e-con-full e-flex e-con e-child\" data-id=\"1b0c1b7\" data-element_type=\"container\">\n\t\t<div class=\"elementor-element elementor-element-e9a00c7 e-con-full e-flex e-con e-child\" data-id=\"e9a00c7\" data-element_type=\"container\">\n\t\t\t\t<div class=\"elementor-element elementor-element-ca23d87 elementor-view-default elementor-widget elementor-widget-icon\" data-id=\"ca23d87\" data-element_type=\"widget\" data-widget_type=\"icon.default\">\n\t\t\t\t<div class=\"elementor-widget-container\">\n\t\t\t\t\t<div class=\"elementor-icon-wrapper\">\n\t\t\t<div class=\"elementor-icon\">\n\t\t\t<svg aria-hidden=\"true\" class=\"e-font-icon-svg e-fas-phone-alt\" viewBox=\"0 0 512 512\" xmlns=\"http:\/\/www.w3.org\/2000\/svg\"><path d=\"M497.39 361.8l-112-48a24 24 0 0 0-28 6.9l-49.6 60.6A370.66 370.66 0 0 1 130.6 204.11l60.6-49.6a23.94 23.94 0 0 0 6.9-28l-48-112A24.16 24.16 0 0 0 122.6.61l-104 24A24 24 0 0 0 0 48c0 256.5 207.9 464 464 464a24 24 0 0 0 23.4-18.6l24-104a24.29 24.29 0 0 0-14.01-27.6z\"><\/path><\/svg>\t\t\t<\/div>\n\t\t<\/div>\n\t\t\t\t<\/div>\n\t\t\t\t<\/div>\n\t\t\t\t<\/div>\n\t\t<div class=\"elementor-element elementor-element-86ad214 e-con-full e-flex e-con e-child\" data-id=\"86ad214\" data-element_type=\"container\">\n\t\t\t\t<div class=\"elementor-element elementor-element-1323beb animated-slow elementor-invisible elementor-widget elementor-widget-heading\" data-id=\"1323beb\" data-element_type=\"widget\" data-settings=\"{&quot;_animation&quot;:&quot;bounce&quot;}\" data-widget_type=\"heading.default\">\n\t\t\t\t<div class=\"elementor-widget-container\">\n\t\t\t<p class=\"elementor-heading-title elementor-size-default\">Contatos<\/p>\t\t<\/div>\n\t\t\t\t<\/div>\n\t\t\t\t<div class=\"elementor-element elementor-element-9cc46a1 elementor-widget elementor-widget-heading\" data-id=\"9cc46a1\" data-element_type=\"widget\" data-widget_type=\"heading.default\">\n\t\t\t\t<div class=\"elementor-widget-container\">\n\t\t\t<h5 class=\"elementor-heading-title elementor-size-default\"><a href=\"tel:11947211197\">(11) 94721 - 1197<\/a><\/h5>\t\t<\/div>\n\t\t\t\t<\/div>\n\t\t\t\t<\/div>\n\t\t\t\t<\/div>\n\t\t\t\t<\/div>\n\t\t<div class=\"elementor-element elementor-element-d7c05eb e-con-full e-flex e-con e-child\" data-id=\"d7c05eb\" data-element_type=\"container\">\n\t\t<div class=\"elementor-element elementor-element-f87aad6 e-con-full e-flex e-con e-child\" data-id=\"f87aad6\" data-element_type=\"container\">\n\t\t<div class=\"elementor-element elementor-element-85a38d5 e-con-full e-flex e-con e-child\" data-id=\"85a38d5\" data-element_type=\"container\">\n\t\t\t\t<div class=\"elementor-element elementor-element-bb11058 elementor-view-default elementor-widget elementor-widget-icon\" data-id=\"bb11058\" data-element_type=\"widget\" data-widget_type=\"icon.default\">\n\t\t\t\t<div class=\"elementor-widget-container\">\n\t\t\t\t\t<div class=\"elementor-icon-wrapper\">\n\t\t\t<div class=\"elementor-icon\">\n\t\t\t<svg aria-hidden=\"true\" class=\"e-font-icon-svg e-far-map\" viewBox=\"0 0 576 512\" xmlns=\"http:\/\/www.w3.org\/2000\/svg\"><path d=\"M560.02 32c-1.96 0-3.98.37-5.96 1.16L384.01 96H384L212 35.28A64.252 64.252 0 0 0 191.76 32c-6.69 0-13.37 1.05-19.81 3.14L20.12 87.95A32.006 32.006 0 0 0 0 117.66v346.32C0 473.17 7.53 480 15.99 480c1.96 0 3.97-.37 5.96-1.16L192 416l172 60.71a63.98 63.98 0 0 0 40.05.15l151.83-52.81A31.996 31.996 0 0 0 576 394.34V48.02c0-9.19-7.53-16.02-15.98-16.02zM224 90.42l128 45.19v285.97l-128-45.19V90.42zM48 418.05V129.07l128-44.53v286.2l-.64.23L48 418.05zm480-35.13l-128 44.53V141.26l.64-.24L528 93.95v288.97z\"><\/path><\/svg>\t\t\t<\/div>\n\t\t<\/div>\n\t\t\t\t<\/div>\n\t\t\t\t<\/div>\n\t\t\t\t<\/div>\n\t\t<div class=\"elementor-element elementor-element-7d792e8 e-con-full e-flex e-con e-child\" data-id=\"7d792e8\" data-element_type=\"container\">\n\t\t\t\t<div class=\"elementor-element elementor-element-3c8d47f animated-slow elementor-invisible elementor-widget elementor-widget-heading\" data-id=\"3c8d47f\" data-element_type=\"widget\" data-settings=\"{&quot;_animation&quot;:&quot;bounce&quot;}\" data-widget_type=\"heading.default\">\n\t\t\t\t<div class=\"elementor-widget-container\">\n\t\t\t<p class=\"elementor-heading-title elementor-size-default\">Endere\u00e7o<\/p>\t\t<\/div>\n\t\t\t\t<\/div>\n\t\t\t\t<div class=\"elementor-element elementor-element-68dcf65 elementor-widget elementor-widget-heading\" data-id=\"68dcf65\" data-element_type=\"widget\" data-widget_type=\"heading.default\">\n\t\t\t\t<div class=\"elementor-widget-container\">\n\t\t\t<h5 class=\"elementor-heading-title elementor-size-default\">Rua Jos\u00e9 de Resende Costa Filho, 341 - Vila Sao Pedro, S\u00e3o Paulo - SP, 04676-061<\/h5>\t\t<\/div>\n\t\t\t\t<\/div>\n\t\t\t\t<\/div>\n\t\t\t\t<\/div>\n\t\t\t\t<\/div>\n\t\t\t\t\t<\/div>\n\t\t\t\t<\/div>\n\t\t<div class=\"elementor-element elementor-element-08630b1 e-con-full e-flex e-con e-parent\" data-id=\"08630b1\" data-element_type=\"container\">\n\t\t<div class=\"elementor-element elementor-element-30f96a3 e-con-full e-flex e-con e-child\" data-id=\"30f96a3\" data-element_type=\"container\">\n\t\t\t\t<div class=\"elementor-element elementor-element-74bd669 elementor-widget elementor-widget-google_maps\" data-id=\"74bd669\" data-element_type=\"widget\" data-widget_type=\"google_maps.default\">\n\t\t\t\t<div class=\"elementor-widget-container\">\n\t\t\t\t\t<div class=\"elementor-custom-embed\">\n\t\t\t<iframe loading=\"lazy\"\n\t\t\t\t\tsrc=\"https:\/\/maps.google.com\/maps?q=Rua%20Jos%C3%A9%20de%20Resende%20Costa%20Filho%2C%20341%20-%20Vila%20Sao%20Pedro%2C%20S%C3%A3o%20Paulo%20-%20SP%2C%2004676-061&#038;t=m&#038;z=14&#038;output=embed&#038;iwloc=near\"\n\t\t\t\t\ttitle=\"Rua Jos\u00e9 de Resende Costa Filho, 341 - Vila Sao Pedro, S\u00e3o Paulo - SP, 04676-061\"\n\t\t\t\t\taria-label=\"Rua Jos\u00e9 de Resende Costa Filho, 341 - Vila Sao Pedro, S\u00e3o Paulo - SP, 04676-061\"\n\t\t\t><\/iframe>\n\t\t<\/div>\n\t\t\t\t<\/div>\n\t\t\t\t<\/div>\n\t\t\t\t<\/div>\n\t\t\t\t<\/div>\n\t\t<div class=\"elementor-element elementor-element-c58ef0b e-flex e-con-boxed e-con e-parent\" data-id=\"c58ef0b\" data-element_type=\"container\" data-settings=\"{&quot;background_background&quot;:&quot;classic&quot;}\">\n\t\t\t\t\t<div class=\"e-con-inner\">\n\t\t\t\t<div class=\"elementor-element elementor-element-c720abf animated-slow elementor-invisible elementor-widget elementor-widget-heading\" data-id=\"c720abf\" data-element_type=\"widget\" data-settings=\"{&quot;_animation&quot;:&quot;fadeInRight&quot;}\" data-widget_type=\"heading.default\">\n\t\t\t\t<div class=\"elementor-widget-container\">\n\t\t\t<h2 class=\"elementor-heading-title elementor-size-default\">onde nos encontrar?<\/h2>\t\t<\/div>\n\t\t\t\t<\/div>\n\t\t\t\t<div class=\"elementor-element elementor-element-6518d2c animated-slow elementor-invisible elementor-widget elementor-widget-heading\" data-id=\"6518d2c\" data-element_type=\"widget\" data-settings=\"{&quot;_animation&quot;:&quot;fadeInRight&quot;}\" data-widget_type=\"heading.default\">\n\t\t\t\t<div class=\"elementor-widget-container\">\n\t\t\t<h2 class=\"elementor-heading-title elementor-size-default\">EMBU GUA\u00c7U<\/h2>\t\t<\/div>\n\t\t\t\t<\/div>\n\t\t\t\t\t<\/div>\n\t\t\t\t<\/div>\n\t\t<div class=\"elementor-element elementor-element-abbfcc8 e-flex e-con-boxed e-con e-parent\" data-id=\"abbfcc8\" data-element_type=\"container\" data-settings=\"{&quot;background_background&quot;:&quot;classic&quot;}\">\n\t\t\t\t\t<div class=\"e-con-inner\">\n\t\t<div class=\"elementor-element elementor-element-6fdaf89 e-con-full e-flex e-con e-child\" data-id=\"6fdaf89\" data-element_type=\"container\">\n\t\t<div class=\"elementor-element elementor-element-4b578b1 e-con-full e-flex e-con e-child\" data-id=\"4b578b1\" data-element_type=\"container\">\n\t\t<div class=\"elementor-element elementor-element-6e753a9 e-con-full e-flex e-con e-child\" data-id=\"6e753a9\" data-element_type=\"container\">\n\t\t\t\t<div class=\"elementor-element elementor-element-10a5c26 elementor-view-default elementor-widget elementor-widget-icon\" data-id=\"10a5c26\" data-element_type=\"widget\" data-widget_type=\"icon.default\">\n\t\t\t\t<div class=\"elementor-widget-container\">\n\t\t\t\t\t<div class=\"elementor-icon-wrapper\">\n\t\t\t<div class=\"elementor-icon\">\n\t\t\t<svg aria-hidden=\"true\" class=\"e-font-icon-svg e-far-clock\" viewBox=\"0 0 512 512\" xmlns=\"http:\/\/www.w3.org\/2000\/svg\"><path d=\"M256 8C119 8 8 119 8 256s111 248 248 248 248-111 248-248S393 8 256 8zm0 448c-110.5 0-200-89.5-200-200S145.5 56 256 56s200 89.5 200 200-89.5 200-200 200zm61.8-104.4l-84.9-61.7c-3.1-2.3-4.9-5.9-4.9-9.7V116c0-6.6 5.4-12 12-12h32c6.6 0 12 5.4 12 12v141.7l66.8 48.6c5.4 3.9 6.5 11.4 2.6 16.8L334.6 349c-3.9 5.3-11.4 6.5-16.8 2.6z\"><\/path><\/svg>\t\t\t<\/div>\n\t\t<\/div>\n\t\t\t\t<\/div>\n\t\t\t\t<\/div>\n\t\t\t\t<\/div>\n\t\t<div class=\"elementor-element elementor-element-d49ae15 e-con-full e-flex e-con e-child\" data-id=\"d49ae15\" data-element_type=\"container\">\n\t\t\t\t<div class=\"elementor-element elementor-element-2e541fd animated-slow elementor-invisible elementor-widget elementor-widget-heading\" data-id=\"2e541fd\" data-element_type=\"widget\" data-settings=\"{&quot;_animation&quot;:&quot;bounce&quot;}\" data-widget_type=\"heading.default\">\n\t\t\t\t<div class=\"elementor-widget-container\">\n\t\t\t<p class=\"elementor-heading-title elementor-size-default\">Atendimento<\/p>\t\t<\/div>\n\t\t\t\t<\/div>\n\t\t\t\t<div class=\"elementor-element elementor-element-60fd833 elementor-widget elementor-widget-heading\" data-id=\"60fd833\" data-element_type=\"widget\" data-widget_type=\"heading.default\">\n\t\t\t\t<div class=\"elementor-widget-container\">\n\t\t\t<h5 class=\"elementor-heading-title elementor-size-default\">Seg - Sex<br>\n11:00 - 00:00<\/h5>\t\t<\/div>\n\t\t\t\t<\/div>\n\t\t\t\t<\/div>\n\t\t\t\t<\/div>\n\t\t\t\t<\/div>\n\t\t<div class=\"elementor-element elementor-element-2d1abec e-con-full e-flex e-con e-child\" data-id=\"2d1abec\" data-element_type=\"container\">\n\t\t<div class=\"elementor-element elementor-element-84f2cb9 e-con-full e-flex e-con e-child\" data-id=\"84f2cb9\" data-element_type=\"container\">\n\t\t<div class=\"elementor-element elementor-element-25ab0d1 e-con-full e-flex e-con e-child\" data-id=\"25ab0d1\" data-element_type=\"container\">\n\t\t\t\t<div class=\"elementor-element elementor-element-8651c04 elementor-view-default elementor-widget elementor-widget-icon\" data-id=\"8651c04\" data-element_type=\"widget\" data-widget_type=\"icon.default\">\n\t\t\t\t<div class=\"elementor-widget-container\">\n\t\t\t\t\t<div class=\"elementor-icon-wrapper\">\n\t\t\t<div class=\"elementor-icon\">\n\t\t\t<svg aria-hidden=\"true\" class=\"e-font-icon-svg e-fas-phone-alt\" viewBox=\"0 0 512 512\" xmlns=\"http:\/\/www.w3.org\/2000\/svg\"><path d=\"M497.39 361.8l-112-48a24 24 0 0 0-28 6.9l-49.6 60.6A370.66 370.66 0 0 1 130.6 204.11l60.6-49.6a23.94 23.94 0 0 0 6.9-28l-48-112A24.16 24.16 0 0 0 122.6.61l-104 24A24 24 0 0 0 0 48c0 256.5 207.9 464 464 464a24 24 0 0 0 23.4-18.6l24-104a24.29 24.29 0 0 0-14.01-27.6z\"><\/path><\/svg>\t\t\t<\/div>\n\t\t<\/div>\n\t\t\t\t<\/div>\n\t\t\t\t<\/div>\n\t\t\t\t<\/div>\n\t\t<div class=\"elementor-element elementor-element-d7587ce e-con-full e-flex e-con e-child\" data-id=\"d7587ce\" data-element_type=\"container\">\n\t\t\t\t<div class=\"elementor-element elementor-element-5c9ca81 animated-slow elementor-invisible elementor-widget elementor-widget-heading\" data-id=\"5c9ca81\" data-element_type=\"widget\" data-settings=\"{&quot;_animation&quot;:&quot;bounce&quot;}\" data-widget_type=\"heading.default\">\n\t\t\t\t<div class=\"elementor-widget-container\">\n\t\t\t<p class=\"elementor-heading-title elementor-size-default\">Contatos<\/p>\t\t<\/div>\n\t\t\t\t<\/div>\n\t\t\t\t<div class=\"elementor-element elementor-element-5ec119a elementor-widget elementor-widget-heading\" data-id=\"5ec119a\" data-element_type=\"widget\" data-widget_type=\"heading.default\">\n\t\t\t\t<div class=\"elementor-widget-container\">\n\t\t\t<h5 class=\"elementor-heading-title elementor-size-default\"><a href=\"tel:11%20998272879\">(11) 99827-2879<\/a><\/h5>\t\t<\/div>\n\t\t\t\t<\/div>\n\t\t\t\t<\/div>\n\t\t\t\t<\/div>\n\t\t\t\t<\/div>\n\t\t<div class=\"elementor-element elementor-element-85c0c50 e-con-full e-flex e-con e-child\" data-id=\"85c0c50\" data-element_type=\"container\">\n\t\t<div class=\"elementor-element elementor-element-0fabd5a e-con-full e-flex e-con e-child\" data-id=\"0fabd5a\" data-element_type=\"container\">\n\t\t<div class=\"elementor-element elementor-element-8875da0 e-con-full e-flex e-con e-child\" data-id=\"8875da0\" data-element_type=\"container\">\n\t\t\t\t<div class=\"elementor-element elementor-element-8109840 elementor-view-default elementor-widget elementor-widget-icon\" data-id=\"8109840\" data-element_type=\"widget\" data-widget_type=\"icon.default\">\n\t\t\t\t<div class=\"elementor-widget-container\">\n\t\t\t\t\t<div class=\"elementor-icon-wrapper\">\n\t\t\t<div class=\"elementor-icon\">\n\t\t\t<svg aria-hidden=\"true\" class=\"e-font-icon-svg e-far-map\" viewBox=\"0 0 576 512\" xmlns=\"http:\/\/www.w3.org\/2000\/svg\"><path d=\"M560.02 32c-1.96 0-3.98.37-5.96 1.16L384.01 96H384L212 35.28A64.252 64.252 0 0 0 191.76 32c-6.69 0-13.37 1.05-19.81 3.14L20.12 87.95A32.006 32.006 0 0 0 0 117.66v346.32C0 473.17 7.53 480 15.99 480c1.96 0 3.97-.37 5.96-1.16L192 416l172 60.71a63.98 63.98 0 0 0 40.05.15l151.83-52.81A31.996 31.996 0 0 0 576 394.34V48.02c0-9.19-7.53-16.02-15.98-16.02zM224 90.42l128 45.19v285.97l-128-45.19V90.42zM48 418.05V129.07l128-44.53v286.2l-.64.23L48 418.05zm480-35.13l-128 44.53V141.26l.64-.24L528 93.95v288.97z\"><\/path><\/svg>\t\t\t<\/div>\n\t\t<\/div>\n\t\t\t\t<\/div>\n\t\t\t\t<\/div>\n\t\t\t\t<\/div>\n\t\t<div class=\"elementor-element elementor-element-011bc81 e-con-full e-flex e-con e-child\" data-id=\"011bc81\" data-element_type=\"container\">\n\t\t\t\t<div class=\"elementor-element elementor-element-fa60aaf animated-slow elementor-invisible elementor-widget elementor-widget-heading\" data-id=\"fa60aaf\" data-element_type=\"widget\" data-settings=\"{&quot;_animation&quot;:&quot;bounce&quot;}\" data-widget_type=\"heading.default\">\n\t\t\t\t<div class=\"elementor-widget-container\">\n\t\t\t<p class=\"elementor-heading-title elementor-size-default\">Endere\u00e7o<\/p>\t\t<\/div>\n\t\t\t\t<\/div>\n\t\t\t\t<div class=\"elementor-element elementor-element-33ee679 elementor-widget elementor-widget-heading\" data-id=\"33ee679\" data-element_type=\"widget\" data-widget_type=\"heading.default\">\n\t\t\t\t<div class=\"elementor-widget-container\">\n\t\t\t<h5 class=\"elementor-heading-title elementor-size-default\">R. Inacio Manoel Domingues, 251 - Centro, Embu-Gua\u00e7u - SP, 06900-265<\/h5>\t\t<\/div>\n\t\t\t\t<\/div>\n\t\t\t\t<\/div>\n\t\t\t\t<\/div>\n\t\t\t\t<\/div>\n\t\t\t\t\t<\/div>\n\t\t\t\t<\/div>\n\t\t<div class=\"elementor-element elementor-element-48e5e3d e-con-full e-flex e-con e-parent\" data-id=\"48e5e3d\" data-element_type=\"container\">\n\t\t<div class=\"elementor-element elementor-element-be111b4 e-con-full e-flex e-con e-child\" data-id=\"be111b4\" data-element_type=\"container\">\n\t\t\t\t<div class=\"elementor-element elementor-element-81b57ee elementor-widget elementor-widget-google_maps\" data-id=\"81b57ee\" data-element_type=\"widget\" data-widget_type=\"google_maps.default\">\n\t\t\t\t<div class=\"elementor-widget-container\">\n\t\t\t\t\t<div class=\"elementor-custom-embed\">\n\t\t\t<iframe loading=\"lazy\"\n\t\t\t\t\tsrc=\"https:\/\/maps.google.com\/maps?q=R.%20Inacio%20Manoel%20Domingues%2C%20251%20-%20Centro%2C%20Embu-Gua%C3%A7u%20-%20SP%2C%2006900-265%20&#038;t=m&#038;z=14&#038;output=embed&#038;iwloc=near\"\n\t\t\t\t\ttitle=\"R. Inacio Manoel Domingues, 251 - Centro, Embu-Gua\u00e7u - SP, 06900-265 \"\n\t\t\t\t\taria-label=\"R. Inacio Manoel Domingues, 251 - Centro, Embu-Gua\u00e7u - SP, 06900-265 \"\n\t\t\t><\/iframe>\n\t\t<\/div>\n\t\t\t\t<\/div>\n\t\t\t\t<\/div>\n\t\t\t\t<\/div>\n\t\t\t\t<\/div>\n\t\t\t\t<\/div>\n\t\t","protected":false},"excerpt":{"rendered":"<p>onde nos encontrar? marajoara Atendimento Seg &#8211; Sex 11:00 &#8211; 00:00 Contatos (11) 94721 &#8211; 1197 Endere\u00e7o Rua Jos\u00e9 de Resende Costa Filho, 341 &#8211; Vila Sao Pedro, S\u00e3o Paulo &#8211; SP, 04676-061 onde nos encontrar? EMBU GUA\u00c7U Atendimento Seg &#8211; Sex 11:00 &#8211; 00:00 Contatos (11) 99827-2879 Endere\u00e7o R. Inacio Manoel Domingues, 251 &#8211; [&hellip;]<\/p>\n","protected":false},"author":1,"featured_media":0,"parent":0,"menu_order":0,"comment_status":"closed","ping_status":"closed","template":"elementor_header_footer","meta":{"footnotes":""},"class_list":["post-257","page","type-page","status-publish","hentry"],"_links":{"self":[{"href":"https:\/\/qbello.templodasmidiasdigitais.com\/index.php\/wp-json\/wp\/v2\/pages\/257","targetHints":{"allow":["GET"]}}],"collection":[{"href":"https:\/\/qbello.templodasmidiasdigitais.com\/index.php\/wp-json\/wp\/v2\/pages"}],"about":[{"href":"https:\/\/qbello.templodasmidiasdigitais.com\/index.php\/wp-json\/wp\/v2\/types\/page"}],"author":[{"embeddable":true,"href":"https:\/\/qbello.templodasmidiasdigitais.com\/index.php\/wp-json\/wp\/v2\/users\/1"}],"replies":[{"embeddable":true,"href":"https:\/\/qbello.templodasmidiasdigitais.com\/index.php\/wp-json\/wp\/v2\/comments?post=257"}],"version-history":[{"count":19,"href":"https:\/\/qbello.templodasmidiasdigitais.com\/index.php\/wp-json\/wp\/v2\/pages\/257\/revisions"}],"predecessor-version":[{"id":356,"href":"https:\/\/qbello.templodasmidiasdigitais.com\/index.php\/wp-json\/wp\/v2\/pages\/257\/revisions\/356"}],"wp:attachment":[{"href":"https:\/\/qbello.templodasmidiasdigitais.com\/index.php\/wp-json\/wp\/v2\/media?parent=257"}],"curies":[{"name":"wp","href":"https:\/\/api.w.org\/{rel}","templated":true}]}}